{"id":809,"date":"2022-09-28T09:22:42","date_gmt":"2022-09-28T09:22:42","guid":{"rendered":"https:\/\/www.veritepolitique.be\/juridische-informatie\/"},"modified":"2025-07-23T07:08:28","modified_gmt":"2025-07-23T07:08:28","slug":"juridische-informatie","status":"publish","type":"page","link":"https:\/\/www.veritepolitique.be\/nl\/juridische-informatie\/","title":{"rendered":"Juridische informatie"},"content":{"rendered":"<p>[et_pb_section fb_built=&#8221;1&#8243; _builder_version=&#8221;4.18.0&#8243; _module_preset=&#8221;default&#8221; global_colors_info=&#8221;{}&#8221;][et_pb_row _builder_version=&#8221;4.18.0&#8243; _module_preset=&#8221;default&#8221; global_colors_info=&#8221;{}&#8221;][et_pb_column type=&#8221;4_4&#8243; _builder_version=&#8221;4.18.0&#8243; _module_preset=&#8221;default&#8221; global_colors_info=&#8221;{}&#8221;][et_pb_text admin_label=&#8221;Text&#8221; _builder_version=&#8221;4.18.0&#8243; _module_preset=&#8221;default&#8221; hover_enabled=&#8221;0&#8243; global_colors_info=&#8221;{}&#8221; sticky_enabled=&#8221;0&#8243;]<\/p>\n<h2>WIE ZIJN WE<\/h2>\n<p>Paraplu<\/p>\n<p>Website ontwerpen en geluk cre\u00ebren<\/p>\n<p>&nbsp;<\/p>\n<p><strong>Missie<\/strong><\/p>\n<p>Geluk brengen<\/p>\n<p>&nbsp;<\/p>\n<p><strong>Neem contact op met<\/strong><\/p>\n<p>Rue Henri Debehogne 4<br \/>B-5330 Assesse  <\/p>\n<p>Umbrella corp verbindt zich ertoe de geldende wetgeving in Belgi\u00eb en Europa na te leven en stelt alles in het werk om elk ongeoorloofd of onwettig gebruik van uw persoonsgegevens te voorkomen. Daartoe maken we gebruik van gepaste procedures en systemen om ervoor te zorgen dat enkel bevoegde personen toegang hebben tot uw gegevens. We willen u er ook aan herinneren dat deze personen bij de uitoefening van hun functie gebonden zijn door een geheimhoudingsplicht.  <\/p>\n<p>[\/et_pb_text][\/et_pb_column][\/et_pb_row][\/et_pb_section]<\/p>\n","protected":false},"excerpt":{"rendered":"<p>WIE ZIJN WE Paraplu Website ontwerpen en geluk cre\u00ebren &nbsp; Missie Geluk brengen &nbsp; Neem contact op met Rue Henri Debehogne 4B-5330 Assesse Umbrella corp verbindt zich ertoe de geldende wetgeving in Belgi\u00eb en Europa na te leven en stelt alles in het werk om elk ongeoorloofd of onwettig gebruik van uw persoonsgegevens te voorkomen. [&hellip;]<\/p>\n","protected":false},"author":3,"featured_media":0,"parent":0,"menu_order":100,"comment_status":"closed","ping_status":"closed","template":"","meta":{"_et_pb_use_builder":"on","_et_pb_old_content":"","_et_gb_content_width":"","footnotes":""},"class_list":["post-809","page","type-page","status-publish","hentry"],"yoast_head":"<!-- This site is optimized with the Yoast SEO plugin v27.5 - https:\/\/yoast.com\/product\/yoast-seo-wordpress\/ -->\n<title>Juridische informatie - V\u00e9rit\u00e9 Politique<\/title>\n<meta name=\"robots\" content=\"index, follow, max-snippet:-1, max-image-preview:large, max-video-preview:-1\" \/>\n<link rel=\"canonical\" href=\"https:\/\/www.veritepolitique.be\/nl\/juridische-informatie\/\" \/>\n<meta property=\"og:locale\" content=\"nl_NL\" \/>\n<meta property=\"og:type\" content=\"article\" \/>\n<meta property=\"og:title\" content=\"Juridische informatie - V\u00e9rit\u00e9 Politique\" \/>\n<meta property=\"og:description\" content=\"WIE ZIJN WE Paraplu Website ontwerpen en geluk cre\u00ebren &nbsp; Missie Geluk brengen &nbsp; Neem contact op met Rue Henri Debehogne 4B-5330 Assesse Umbrella corp verbindt zich ertoe de geldende wetgeving in Belgi\u00eb en Europa na te leven en stelt alles in het werk om elk ongeoorloofd of onwettig gebruik van uw persoonsgegevens te voorkomen. [&hellip;]\" \/>\n<meta property=\"og:url\" content=\"https:\/\/www.veritepolitique.be\/nl\/juridische-informatie\/\" \/>\n<meta property=\"og:site_name\" content=\"V\u00e9rit\u00e9 Politique\" \/>\n<meta property=\"article:modified_time\" content=\"2025-07-23T07:08:28+00:00\" \/>\n<meta name=\"twitter:card\" content=\"summary_large_image\" \/>\n<meta name=\"twitter:label1\" content=\"Est. reading time\" \/>\n\t<meta name=\"twitter:data1\" content=\"1 minute\" \/>\n<script type=\"application\/ld+json\" class=\"yoast-schema-graph\">{\"@context\":\"https:\\\/\\\/schema.org\",\"@graph\":[{\"@type\":\"WebPage\",\"@id\":\"https:\\\/\\\/www.veritepolitique.be\\\/nl\\\/juridische-informatie\\\/\",\"url\":\"https:\\\/\\\/www.veritepolitique.be\\\/nl\\\/juridische-informatie\\\/\",\"name\":\"Juridische informatie - V\u00e9rit\u00e9 Politique\",\"isPartOf\":{\"@id\":\"https:\\\/\\\/www.veritepolitique.be\\\/nl\\\/#website\"},\"datePublished\":\"2022-09-28T09:22:42+00:00\",\"dateModified\":\"2025-07-23T07:08:28+00:00\",\"breadcrumb\":{\"@id\":\"https:\\\/\\\/www.veritepolitique.be\\\/nl\\\/juridische-informatie\\\/#breadcrumb\"},\"inLanguage\":\"nl-be\",\"potentialAction\":[{\"@type\":\"ReadAction\",\"target\":[\"https:\\\/\\\/www.veritepolitique.be\\\/nl\\\/juridische-informatie\\\/\"]}]},{\"@type\":\"BreadcrumbList\",\"@id\":\"https:\\\/\\\/www.veritepolitique.be\\\/nl\\\/juridische-informatie\\\/#breadcrumb\",\"itemListElement\":[{\"@type\":\"ListItem\",\"position\":1,\"name\":\"Home\",\"item\":\"https:\\\/\\\/www.veritepolitique.be\\\/nl\\\/home\\\/\"},{\"@type\":\"ListItem\",\"position\":2,\"name\":\"Juridische informatie\"}]},{\"@type\":\"WebSite\",\"@id\":\"https:\\\/\\\/www.veritepolitique.be\\\/nl\\\/#website\",\"url\":\"https:\\\/\\\/www.veritepolitique.be\\\/nl\\\/\",\"name\":\"V\u00e9rit\u00e9 Politique\",\"description\":\"Le blog sur la compilation des affaires politiques belge\",\"potentialAction\":[{\"@type\":\"SearchAction\",\"target\":{\"@type\":\"EntryPoint\",\"urlTemplate\":\"https:\\\/\\\/www.veritepolitique.be\\\/nl\\\/?s={search_term_string}\"},\"query-input\":{\"@type\":\"PropertyValueSpecification\",\"valueRequired\":true,\"valueName\":\"search_term_string\"}}],\"inLanguage\":\"nl-be\"}]}<\/script>\n<!-- \/ Yoast SEO plugin. -->","yoast_head_json":{"title":"Juridische informatie - V\u00e9rit\u00e9 Politique","robots":{"index":"index","follow":"follow","max-snippet":"max-snippet:-1","max-image-preview":"max-image-preview:large","max-video-preview":"max-video-preview:-1"},"canonical":"https:\/\/www.veritepolitique.be\/nl\/juridische-informatie\/","og_locale":"nl_NL","og_type":"article","og_title":"Juridische informatie - V\u00e9rit\u00e9 Politique","og_description":"WIE ZIJN WE Paraplu Website ontwerpen en geluk cre\u00ebren &nbsp; Missie Geluk brengen &nbsp; Neem contact op met Rue Henri Debehogne 4B-5330 Assesse Umbrella corp verbindt zich ertoe de geldende wetgeving in Belgi\u00eb en Europa na te leven en stelt alles in het werk om elk ongeoorloofd of onwettig gebruik van uw persoonsgegevens te voorkomen. [&hellip;]","og_url":"https:\/\/www.veritepolitique.be\/nl\/juridische-informatie\/","og_site_name":"V\u00e9rit\u00e9 Politique","article_modified_time":"2025-07-23T07:08:28+00:00","twitter_card":"summary_large_image","twitter_misc":{"Est. reading time":"1 minute"},"schema":{"@context":"https:\/\/schema.org","@graph":[{"@type":"WebPage","@id":"https:\/\/www.veritepolitique.be\/nl\/juridische-informatie\/","url":"https:\/\/www.veritepolitique.be\/nl\/juridische-informatie\/","name":"Juridische informatie - V\u00e9rit\u00e9 Politique","isPartOf":{"@id":"https:\/\/www.veritepolitique.be\/nl\/#website"},"datePublished":"2022-09-28T09:22:42+00:00","dateModified":"2025-07-23T07:08:28+00:00","breadcrumb":{"@id":"https:\/\/www.veritepolitique.be\/nl\/juridische-informatie\/#breadcrumb"},"inLanguage":"nl-be","potentialAction":[{"@type":"ReadAction","target":["https:\/\/www.veritepolitique.be\/nl\/juridische-informatie\/"]}]},{"@type":"BreadcrumbList","@id":"https:\/\/www.veritepolitique.be\/nl\/juridische-informatie\/#breadcrumb","itemListElement":[{"@type":"ListItem","position":1,"name":"Home","item":"https:\/\/www.veritepolitique.be\/nl\/home\/"},{"@type":"ListItem","position":2,"name":"Juridische informatie"}]},{"@type":"WebSite","@id":"https:\/\/www.veritepolitique.be\/nl\/#website","url":"https:\/\/www.veritepolitique.be\/nl\/","name":"V\u00e9rit\u00e9 Politique","description":"Le blog sur la compilation des affaires politiques belge","potentialAction":[{"@type":"SearchAction","target":{"@type":"EntryPoint","urlTemplate":"https:\/\/www.veritepolitique.be\/nl\/?s={search_term_string}"},"query-input":{"@type":"PropertyValueSpecification","valueRequired":true,"valueName":"search_term_string"}}],"inLanguage":"nl-be"}]}},"jetpack_sharing_enabled":true,"jetpack_likes_enabled":true,"_links":{"self":[{"href":"https:\/\/www.veritepolitique.be\/nl\/wp-json\/wp\/v2\/pages\/809","targetHints":{"allow":["GET"]}}],"collection":[{"href":"https:\/\/www.veritepolitique.be\/nl\/wp-json\/wp\/v2\/pages"}],"about":[{"href":"https:\/\/www.veritepolitique.be\/nl\/wp-json\/wp\/v2\/types\/page"}],"author":[{"embeddable":true,"href":"https:\/\/www.veritepolitique.be\/nl\/wp-json\/wp\/v2\/users\/3"}],"replies":[{"embeddable":true,"href":"https:\/\/www.veritepolitique.be\/nl\/wp-json\/wp\/v2\/comments?post=809"}],"version-history":[{"count":10,"href":"https:\/\/www.veritepolitique.be\/nl\/wp-json\/wp\/v2\/pages\/809\/revisions"}],"predecessor-version":[{"id":841,"href":"https:\/\/www.veritepolitique.be\/nl\/wp-json\/wp\/v2\/pages\/809\/revisions\/841"}],"wp:attachment":[{"href":"https:\/\/www.veritepolitique.be\/nl\/wp-json\/wp\/v2\/media?parent=809"}],"curies":[{"name":"wp","href":"https:\/\/api.w.org\/{rel}","templated":true}]}}