{"id":755,"date":"2024-09-26T17:26:02","date_gmt":"2024-09-26T17:26:02","guid":{"rendered":"https:\/\/www.veritepolitique.be\/analyse\/"},"modified":"2025-07-23T07:05:59","modified_gmt":"2025-07-23T07:05:59","slug":"analyse","status":"publish","type":"page","link":"https:\/\/www.veritepolitique.be\/nl\/analyse\/","title":{"rendered":"Analyse"},"content":{"rendered":"<p>[et_pb_section fb_built=&#8221;1&#8243; admin_label=&#8221;Hero&#8221; _builder_version=&#8221;4.24.3&#8243; _module_preset=&#8221;default&#8221; use_background_color_gradient=&#8221;on&#8221; background_color_gradient_direction=&#8221;148deg&#8221; background_color_gradient_stops=&#8221;#ffffff 30%|rgba(255,255,255,0.86) 100%&#8221; background_color_gradient_overlays_image=&#8221;on&#8221; background_color_gradient_start=&#8221;rgba(0,0,0,0.5)&#8221; background_color_gradient_end=&#8221;rgba(0,0,0,0.75)&#8221; background_image=&#8221;https:\/\/images.unsplash.com\/photo-1569000971870-7605f9bd8734?ixid=M3w1ODkyNzF8MHwxfHNlYXJjaHw4fHxwb2xpdGljYWwlMjBhbmFseXNpc3xlbnwwfDB8fHwxNzI3MzcxNDI2fDA&#038;ixlib=rb-4.0.3&#038;fm=webp&#038;fit=crop&#038;crop=entropy&#038;w=1920&#038;h=1080&#038;q=20&#038;dpr=2&#8243; custom_padding=&#8221;8vw||||false|false&#8221; locked=&#8221;off&#8221; collapsed=&#8221;on&#8221; global_colors_info=&#8221;{}&#8221;][et_pb_row _builder_version=&#8221;4.24.2&#8243; _module_preset=&#8221;5138c454-be54-4233-bd3b-f8e6a8747976&#8243; locked=&#8221;off&#8221; global_colors_info=&#8221;{}&#8221;][et_pb_column type=&#8221;4_4&#8243; _builder_version=&#8221;4.23.1&#8243; _module_preset=&#8221;73121f80-a3ef-4484-8763-c3f18e3c56d2&#8243; global_colors_info=&#8221;{}&#8221;][et_pb_heading title=&#8221;Politieke analyse en corruptie&#8221; _builder_version=&#8221;4.24.2&#8243; _module_preset=&#8221;f0c675ea-2574-4d0e-b725-30f8550a8550&#8243; title_text_color=&#8221;gcid-primary-color&#8221; locked=&#8221;off&#8221; global_colors_info=&#8221;{%22gcid-primary-color%22:%91%22title_text_color%22%93}&#8221;][\/et_pb_heading][et_pb_heading title=&#8221;Politieke waarheid: onthul de waarheid&#8221; _builder_version=&#8221;4.24.2&#8243; _module_preset=&#8221;ddeb8c09-9078-4424-bc15-2efb6572e28e&#8221; locked=&#8221;off&#8221; global_colors_info=&#8221;{}&#8221;][\/et_pb_heading][et_pb_text _builder_version=&#8221;4.24.2&#8243; _module_preset=&#8221;2c55a9c4-feed-423b-9edb-ae0b5b365cac&#8221; locked=&#8221;off&#8221; global_colors_info=&#8221;{}&#8221;]<\/p>\n<p>Ontdek diepgaande analyses van politieke trends en corruptiezaken in Belgi\u00eb. Duik in casestudy&#8217;s en opiniestukken voor een volledig begrip van actuele kwesties. <\/p>\n<p>[\/et_pb_text][et_pb_button button_text=&#8221;Lees de analyses&#8221; _builder_version=&#8221;4.24.2&#8243; _module_preset=&#8221;1bffc0fc-42a0-49d1-bd9a-ae3ade2d7206&#8243; button_bg_color=&#8221;gcid-secondary-color&#8221; locked=&#8221;off&#8221; global_colors_info=&#8221;{%22gcid-secondary-color%22:%91%22button_bg_color%22%93}&#8221;][\/et_pb_button][\/et_pb_column][\/et_pb_row][et_pb_row column_structure=&#8221;2_3,1_3&#8243; custom_padding_last_edited=&#8221;on|phone&#8221; _builder_version=&#8221;4.24.3&#8243; _module_preset=&#8221;5138c454-be54-4233-bd3b-f8e6a8747976&#8243; background_color=&#8221;gcid-primary-color&#8221; custom_margin=&#8221;8vw||||false|false&#8221; custom_padding=&#8221;30px|30px|30px|30px|true|true&#8221; custom_padding_tablet=&#8221;30px|30px|30px|30px|true|true&#8221; custom_padding_phone=&#8221;20px|20px|20px|20px|true|true&#8221; border_radii=&#8221;on|6px|6px|6px|6px&#8221; locked=&#8221;off&#8221; global_colors_info=&#8221;{%22gcid-primary-color%22:%91%22background_color%22%93}&#8221;][et_pb_column type=&#8221;2_3&#8243; _builder_version=&#8221;4.16.0&#8243; _module_preset=&#8221;73121f80-a3ef-4484-8763-c3f18e3c56d2&#8243; global_colors_info=&#8221;{}&#8221;][et_pb_heading title=&#8221;Bekijk onze nieuwste analyses&#8221; _builder_version=&#8221;4.24.2&#8243; _module_preset=&#8221;ba4a6336-701f-47b8-bf5c-09da0ce28016&#8243; title_text_color=&#8221;#FFFFFF&#8221; locked=&#8221;off&#8221; global_colors_info=&#8221;{}&#8221;][\/et_pb_heading][\/et_pb_column][et_pb_column type=&#8221;1_3&#8243; _builder_version=&#8221;4.16.0&#8243; _module_preset=&#8221;73121f80-a3ef-4484-8763-c3f18e3c56d2&#8243; global_colors_info=&#8221;{}&#8221;][et_pb_button button_text=&#8221;Meer bekijken&#8221; button_alignment=&#8221;right&#8221; button_alignment_tablet=&#8221;left&#8221; button_alignment_phone=&#8221;left&#8221; button_alignment_last_edited=&#8221;on|desktop&#8221; _builder_version=&#8221;4.24.2&#8243; _module_preset=&#8221;ab15fb74-61a3-43aa-96b3-41e09aeef654&#8243; global_colors_info=&#8221;{}&#8221;][\/et_pb_button][\/et_pb_column][\/et_pb_row][\/et_pb_section][et_pb_section fb_built=&#8221;1&#8243; admin_label=&#8221;Blog&#8221; _builder_version=&#8221;4.24.2&#8243; _module_preset=&#8221;default&#8221; background_color=&#8221;#FFFFFF&#8221; use_background_color_gradient=&#8221;on&#8221; background_color_gradient_stops=&#8221;gcid-primary-color 30%|#ffffff 30%&#8221; custom_padding=&#8221;||0px||false|false&#8221; locked=&#8221;off&#8221; collapsed=&#8221;on&#8221; global_colors_info=&#8221;{%22gcid-36fd78a7-34bc-404d-873c-dafa34efaae5%22:%91%22colorEnd%22,%22colorEnd%22%93,%22gcid-primary-color%22:%91%22background_color_gradient_stops%22%93}&#8221;][et_pb_row _builder_version=&#8221;4.23&#8243; _module_preset=&#8221;5138c454-be54-4233-bd3b-f8e6a8747976&#8243; custom_padding=&#8221;||0px||false|false&#8221; global_colors_info=&#8221;{%22gcid-36fd78a7-34bc-404d-873c-dafa34efaae5%22:%91%22icon_color%22,%22icon_color%22,%22icon_color%22,%22colorEnd%22%93,%22gcid-7cadd8b3-5228-48e4-90c4-212d09232f7b%22:%91%22header_text_color%22%93,%22gcid-9a15b43a-75da-4015-a522-d0ef1179ded7%22:%91%22body_text_color%22%93}&#8221;][et_pb_column type=&#8221;4_4&#8243; _builder_version=&#8221;4.23&#8243; _module_preset=&#8221;73121f80-a3ef-4484-8763-c3f18e3c56d2&#8243; global_colors_info=&#8221;{}&#8221;][et_pb_heading title=&#8221;Opinie artikelen&#8221; _builder_version=&#8221;4.24.2&#8243; _module_preset=&#8221;c33f07d9-41e0-421a-8799-5799df695cce&#8221; title_text_color=&#8221;#FFFFFF&#8221; locked=&#8221;off&#8221; global_colors_info=&#8221;{}&#8221;][\/et_pb_heading][et_pb_post_slider bg_overlay_color=&#8221;rgba(0,0,0,0.8)&#8221; _builder_version=&#8221;4.27.2&#8243; _module_preset=&#8221;ff5b0c90-99d5-45b1-b0c2-5b4e7eeac0dd&#8221; hover_enabled=&#8221;0&#8243; locked=&#8221;off&#8221; global_colors_info=&#8221;{}&#8221; include_categories=&#8221;34&#8243; sticky_enabled=&#8221;0&#8243;][\/et_pb_post_slider][\/et_pb_column][\/et_pb_row][et_pb_row _builder_version=&#8221;4.16&#8243; _module_preset=&#8221;5138c454-be54-4233-bd3b-f8e6a8747976&#8243; locked=&#8221;off&#8221; global_colors_info=&#8221;{}&#8221;][et_pb_column type=&#8221;4_4&#8243; _builder_version=&#8221;4.16&#8243; _module_preset=&#8221;73121f80-a3ef-4484-8763-c3f18e3c56d2&#8243; global_colors_info=&#8221;{}&#8221;][et_pb_blog posts_number=&#8221;3&#8243; _builder_version=&#8221;4.23.1&#8243; _module_preset=&#8221;3a376763-6eec-4e3b-9584-75f43ea48e8a&#8221; global_colors_info=&#8221;{}&#8221;][\/et_pb_blog][\/et_pb_column][\/et_pb_row][\/et_pb_section][et_pb_section fb_built=&#8221;1&#8243; admin_label=&#8221;Call to Action&#8221; _builder_version=&#8221;4.24.3&#8243; _module_preset=&#8221;default&#8221; use_background_color_gradient=&#8221;on&#8221; background_color_gradient_stops=&#8221;rgba(0,0,0,0.5) 0%|rgba(0,0,0,0.75) 100%&#8221; background_color_gradient_overlays_image=&#8221;on&#8221; background_color_gradient_start=&#8221;rgba(0,0,0,0.5)&#8221; background_color_gradient_end=&#8221;rgba(0,0,0,0.75)&#8221; background_image=&#8221;https:\/\/images.unsplash.com\/photo-1567408332401-ae2a88d91400?ixid=M3w1ODkyNzF8MHwxfHNlYXJjaHwxMHx8cG9saXRpY2FsJTIwYW5hbHlzaXN8ZW58MHwwfHx8MTcyNzM3MTQyNnww&#038;ixlib=rb-4.0.3&#038;fm=webp&#038;fit=crop&#038;crop=entropy&#038;w=1920&#038;h=1080&#038;q=20&#038;dpr=2&#8243; parallax=&#8221;on&#8221; custom_padding=&#8221;8vw||8vw||true|false&#8221; locked=&#8221;off&#8221; collapsed=&#8221;on&#8221; global_colors_info=&#8221;{}&#8221;][et_pb_row _builder_version=&#8221;4.23.1&#8243; _module_preset=&#8221;5138c454-be54-4233-bd3b-f8e6a8747976&#8243; max_width=&#8221;800px&#8221; global_colors_info=&#8221;{}&#8221;][et_pb_column type=&#8221;4_4&#8243; _builder_version=&#8221;4.16&#8243; _module_preset=&#8221;73121f80-a3ef-4484-8763-c3f18e3c56d2&#8243; global_colors_info=&#8221;{}&#8221;][et_pb_heading title=&#8221;Doe mee aan de discussie&#8221; _builder_version=&#8221;4.24.3&#8243; _module_preset=&#8221;c33f07d9-41e0-421a-8799-5799df695cce&#8221; title_text_align=&#8221;center&#8221; title_text_color=&#8221;#FFFFFF&#8221; locked=&#8221;off&#8221; global_colors_info=&#8221;{}&#8221;][\/et_pb_heading][et_pb_text _builder_version=&#8221;4.24.3&#8243; _module_preset=&#8221;0504de1e-f5ff-4281-ba60-cbbe4edf98bc&#8221; text_orientation=&#8221;center&#8221;]<\/p>\n<p>We nodigen je uit om je gedachten en analyses over politieke trends en corruptie in Belgi\u00eb te delen. Jouw mening telt! <\/p>\n<p>[\/et_pb_text][et_pb_button button_url=&#8221;@ET-DC@eyJkeW5hbWljIjp0cnVlLCJjb250ZW50IjoicG9zdF9saW5rX3VybF9wYWdlIiwic2V0dGluZ3MiOnsicG9zdF9pZCI6IjQ0NyIsImVuYWJsZV9odG1sIjoib2ZmIn19@&#8221; button_text=&#8221;Laat een reactie achter&#8221; button_alignment=&#8221;center&#8221; _builder_version=&#8221;4.27.2&#8243; _dynamic_attributes=&#8221;button_url&#8221; _module_preset=&#8221;ab15fb74-61a3-43aa-96b3-41e09aeef654&#8243; hover_enabled=&#8221;0&#8243; locked=&#8221;off&#8221; global_colors_info=&#8221;{}&#8221; sticky_enabled=&#8221;0&#8243;][\/et_pb_button][\/et_pb_column][\/et_pb_row][\/et_pb_section]<\/p>\n","protected":false},"excerpt":{"rendered":"<p>Ontdek diepgaande analyses van politieke trends en corruptiezaken in Belgi\u00eb. Duik in casestudy&#8217;s en opiniestukken voor een volledig begrip van actuele kwesties. We nodigen je uit om je gedachten en analyses over politieke trends en corruptie in Belgi\u00eb te delen. Jouw mening telt!<\/p>\n","protected":false},"author":1,"featured_media":0,"parent":0,"menu_order":0,"comment_status":"closed","ping_status":"closed","template":"","meta":{"_et_pb_use_builder":"on","_et_pb_old_content":"","_et_gb_content_width":"","footnotes":""},"class_list":["post-755","page","type-page","status-publish","hentry"],"yoast_head":"<!-- This site is optimized with the Yoast SEO plugin v27.5 - https:\/\/yoast.com\/product\/yoast-seo-wordpress\/ -->\n<title>Analyse - V\u00e9rit\u00e9 Politique<\/title>\n<meta name=\"robots\" content=\"index, follow, max-snippet:-1, max-image-preview:large, max-video-preview:-1\" \/>\n<link rel=\"canonical\" href=\"https:\/\/www.veritepolitique.be\/nl\/analyse\/\" \/>\n<meta property=\"og:locale\" content=\"nl_NL\" \/>\n<meta property=\"og:type\" content=\"article\" \/>\n<meta property=\"og:title\" content=\"Analyse - V\u00e9rit\u00e9 Politique\" \/>\n<meta property=\"og:description\" content=\"Ontdek diepgaande analyses van politieke trends en corruptiezaken in Belgi\u00eb. Duik in casestudy&#039;s en opiniestukken voor een volledig begrip van actuele kwesties. We nodigen je uit om je gedachten en analyses over politieke trends en corruptie in Belgi\u00eb te delen. Jouw mening telt!\" \/>\n<meta property=\"og:url\" content=\"https:\/\/www.veritepolitique.be\/nl\/analyse\/\" \/>\n<meta property=\"og:site_name\" content=\"V\u00e9rit\u00e9 Politique\" \/>\n<meta property=\"article:modified_time\" content=\"2025-07-23T07:05:59+00:00\" \/>\n<meta name=\"twitter:card\" content=\"summary_large_image\" \/>\n<meta name=\"twitter:label1\" content=\"Est. reading time\" \/>\n\t<meta name=\"twitter:data1\" content=\"5 minutes\" \/>\n<script type=\"application\/ld+json\" class=\"yoast-schema-graph\">{\"@context\":\"https:\\\/\\\/schema.org\",\"@graph\":[{\"@type\":\"WebPage\",\"@id\":\"https:\\\/\\\/www.veritepolitique.be\\\/nl\\\/analyse\\\/\",\"url\":\"https:\\\/\\\/www.veritepolitique.be\\\/nl\\\/analyse\\\/\",\"name\":\"Analyse - V\u00e9rit\u00e9 Politique\",\"isPartOf\":{\"@id\":\"https:\\\/\\\/www.veritepolitique.be\\\/nl\\\/#website\"},\"datePublished\":\"2024-09-26T17:26:02+00:00\",\"dateModified\":\"2025-07-23T07:05:59+00:00\",\"breadcrumb\":{\"@id\":\"https:\\\/\\\/www.veritepolitique.be\\\/nl\\\/analyse\\\/#breadcrumb\"},\"inLanguage\":\"nl-be\",\"potentialAction\":[{\"@type\":\"ReadAction\",\"target\":[\"https:\\\/\\\/www.veritepolitique.be\\\/nl\\\/analyse\\\/\"]}]},{\"@type\":\"BreadcrumbList\",\"@id\":\"https:\\\/\\\/www.veritepolitique.be\\\/nl\\\/analyse\\\/#breadcrumb\",\"itemListElement\":[{\"@type\":\"ListItem\",\"position\":1,\"name\":\"Home\",\"item\":\"https:\\\/\\\/www.veritepolitique.be\\\/nl\\\/home\\\/\"},{\"@type\":\"ListItem\",\"position\":2,\"name\":\"Analyse\"}]},{\"@type\":\"WebSite\",\"@id\":\"https:\\\/\\\/www.veritepolitique.be\\\/nl\\\/#website\",\"url\":\"https:\\\/\\\/www.veritepolitique.be\\\/nl\\\/\",\"name\":\"V\u00e9rit\u00e9 Politique\",\"description\":\"Le blog sur la compilation des affaires politiques belge\",\"potentialAction\":[{\"@type\":\"SearchAction\",\"target\":{\"@type\":\"EntryPoint\",\"urlTemplate\":\"https:\\\/\\\/www.veritepolitique.be\\\/nl\\\/?s={search_term_string}\"},\"query-input\":{\"@type\":\"PropertyValueSpecification\",\"valueRequired\":true,\"valueName\":\"search_term_string\"}}],\"inLanguage\":\"nl-be\"}]}<\/script>\n<!-- \/ Yoast SEO plugin. -->","yoast_head_json":{"title":"Analyse - V\u00e9rit\u00e9 Politique","robots":{"index":"index","follow":"follow","max-snippet":"max-snippet:-1","max-image-preview":"max-image-preview:large","max-video-preview":"max-video-preview:-1"},"canonical":"https:\/\/www.veritepolitique.be\/nl\/analyse\/","og_locale":"nl_NL","og_type":"article","og_title":"Analyse - V\u00e9rit\u00e9 Politique","og_description":"Ontdek diepgaande analyses van politieke trends en corruptiezaken in Belgi\u00eb. Duik in casestudy's en opiniestukken voor een volledig begrip van actuele kwesties. We nodigen je uit om je gedachten en analyses over politieke trends en corruptie in Belgi\u00eb te delen. Jouw mening telt!","og_url":"https:\/\/www.veritepolitique.be\/nl\/analyse\/","og_site_name":"V\u00e9rit\u00e9 Politique","article_modified_time":"2025-07-23T07:05:59+00:00","twitter_card":"summary_large_image","twitter_misc":{"Est. reading time":"5 minutes"},"schema":{"@context":"https:\/\/schema.org","@graph":[{"@type":"WebPage","@id":"https:\/\/www.veritepolitique.be\/nl\/analyse\/","url":"https:\/\/www.veritepolitique.be\/nl\/analyse\/","name":"Analyse - V\u00e9rit\u00e9 Politique","isPartOf":{"@id":"https:\/\/www.veritepolitique.be\/nl\/#website"},"datePublished":"2024-09-26T17:26:02+00:00","dateModified":"2025-07-23T07:05:59+00:00","breadcrumb":{"@id":"https:\/\/www.veritepolitique.be\/nl\/analyse\/#breadcrumb"},"inLanguage":"nl-be","potentialAction":[{"@type":"ReadAction","target":["https:\/\/www.veritepolitique.be\/nl\/analyse\/"]}]},{"@type":"BreadcrumbList","@id":"https:\/\/www.veritepolitique.be\/nl\/analyse\/#breadcrumb","itemListElement":[{"@type":"ListItem","position":1,"name":"Home","item":"https:\/\/www.veritepolitique.be\/nl\/home\/"},{"@type":"ListItem","position":2,"name":"Analyse"}]},{"@type":"WebSite","@id":"https:\/\/www.veritepolitique.be\/nl\/#website","url":"https:\/\/www.veritepolitique.be\/nl\/","name":"V\u00e9rit\u00e9 Politique","description":"Le blog sur la compilation des affaires politiques belge","potentialAction":[{"@type":"SearchAction","target":{"@type":"EntryPoint","urlTemplate":"https:\/\/www.veritepolitique.be\/nl\/?s={search_term_string}"},"query-input":{"@type":"PropertyValueSpecification","valueRequired":true,"valueName":"search_term_string"}}],"inLanguage":"nl-be"}]}},"jetpack_sharing_enabled":true,"jetpack_likes_enabled":true,"_links":{"self":[{"href":"https:\/\/www.veritepolitique.be\/nl\/wp-json\/wp\/v2\/pages\/755","targetHints":{"allow":["GET"]}}],"collection":[{"href":"https:\/\/www.veritepolitique.be\/nl\/wp-json\/wp\/v2\/pages"}],"about":[{"href":"https:\/\/www.veritepolitique.be\/nl\/wp-json\/wp\/v2\/types\/page"}],"author":[{"embeddable":true,"href":"https:\/\/www.veritepolitique.be\/nl\/wp-json\/wp\/v2\/users\/1"}],"replies":[{"embeddable":true,"href":"https:\/\/www.veritepolitique.be\/nl\/wp-json\/wp\/v2\/comments?post=755"}],"version-history":[{"count":2,"href":"https:\/\/www.veritepolitique.be\/nl\/wp-json\/wp\/v2\/pages\/755\/revisions"}],"predecessor-version":[{"id":757,"href":"https:\/\/www.veritepolitique.be\/nl\/wp-json\/wp\/v2\/pages\/755\/revisions\/757"}],"wp:attachment":[{"href":"https:\/\/www.veritepolitique.be\/nl\/wp-json\/wp\/v2\/media?parent=755"}],"curies":[{"name":"wp","href":"https:\/\/api.w.org\/{rel}","templated":true}]}}